{"id":299,"date":"2023-07-20T08:04:24","date_gmt":"2023-07-20T08:04:24","guid":{"rendered":"http:\/\/mesonelpuerto.es\/?page_id=299"},"modified":"2024-05-19T09:22:40","modified_gmt":"2024-05-19T09:22:40","slug":"mariscos-y-pescados","status":"publish","type":"page","link":"http:\/\/mesonelpuerto.es\/index.php\/mariscos-y-pescados\/","title":{"rendered":"Mariscos y pescados"},"content":{"rendered":"\n<figure class=\"wp-block-table alignfull is-style-stripes\"><table><tbody><tr><td><\/td><td>Salpic\u00f3n<br><img loading=\"lazy\" decoding=\"async\" width=\"20\" height=\"20\" class=\"wp-image-518\" style=\"width: 20px;\" src=\"http:\/\/mesonelpuerto.es\/wp-content\/uploads\/2023\/08\/imagen_2023-08-03_103903145.png\" alt=\"\" srcset=\"http:\/\/mesonelpuerto.es\/wp-content\/uploads\/2023\/08\/imagen_2023-08-03_103903145.png 165w, http:\/\/mesonelpuerto.es\/wp-content\/uploads\/2023\/08\/imagen_2023-08-03_103903145-150x150.png 150w\" sizes=\"auto, (max-width: 20px) 100vw, 20px\" \/><img loading=\"lazy\" decoding=\"async\" width=\"20\" height=\"20\" class=\"wp-image-520\" style=\"width: 20px;\" src=\"http:\/\/mesonelpuerto.es\/wp-content\/uploads\/2023\/08\/imagen_2023-08-03_104211056.png\" alt=\"\" srcset=\"http:\/\/mesonelpuerto.es\/wp-content\/uploads\/2023\/08\/imagen_2023-08-03_104211056.png 167w, http:\/\/mesonelpuerto.es\/wp-content\/uploads\/2023\/08\/imagen_2023-08-03_104211056-150x150.png 150w\" sizes=\"auto, (max-width: 20px) 100vw, 20px\" \/><img loading=\"lazy\" decoding=\"async\" width=\"20\" height=\"20\" class=\"wp-image-519\" style=\"width: 20px;\" src=\"http:\/\/mesonelpuerto.es\/wp-content\/uploads\/2023\/08\/imagen_2023-08-03_103954912.png\" alt=\"\" srcset=\"http:\/\/mesonelpuerto.es\/wp-content\/uploads\/2023\/08\/imagen_2023-08-03_103954912.png 166w, http:\/\/mesonelpuerto.es\/wp-content\/uploads\/2023\/08\/imagen_2023-08-03_103954912-150x150.png 150w\" sizes=\"auto, (max-width: 20px) 100vw, 20px\" \/><img loading=\"lazy\" decoding=\"async\" width=\"20\" height=\"21\" class=\"wp-image-494\" style=\"width: 20px;\" src=\"http:\/\/mesonelpuerto.es\/wp-content\/uploads\/2023\/08\/imagen_2023-08-02_095234397.png\" alt=\"\" srcset=\"http:\/\/mesonelpuerto.es\/wp-content\/uploads\/2023\/08\/imagen_2023-08-02_095234397.png 166w, http:\/\/mesonelpuerto.es\/wp-content\/uploads\/2023\/08\/imagen_2023-08-02_095234397-150x150.png 150w\" sizes=\"auto, (max-width: 20px) 100vw, 20px\" \/><\/td><td class=\"has-text-align-left\" data-align=\"left\">17,00\u20ac\/10,00\u20ac<\/td><\/tr><tr><td><\/td><td>Bacalao<br><img loading=\"lazy\" decoding=\"async\" width=\"20\" height=\"20\" class=\"wp-image-518\" style=\"width: 20px;\" src=\"http:\/\/mesonelpuerto.es\/wp-content\/uploads\/2023\/08\/imagen_2023-08-03_103903145.png\" alt=\"\" srcset=\"http:\/\/mesonelpuerto.es\/wp-content\/uploads\/2023\/08\/imagen_2023-08-03_103903145.png 165w, http:\/\/mesonelpuerto.es\/wp-content\/uploads\/2023\/08\/imagen_2023-08-03_103903145-150x150.png 150w\" sizes=\"auto, (max-width: 20px) 100vw, 20px\" \/><\/td><td class=\"has-text-align-left\" data-align=\"left\">18,00\u20ac<\/td><\/tr><tr><td><\/td><td>Parrochitas (en temporada)<br><img loading=\"lazy\" decoding=\"async\" width=\"20\" height=\"20\" class=\"wp-image-518\" style=\"width: 20px;\" src=\"http:\/\/mesonelpuerto.es\/wp-content\/uploads\/2023\/08\/imagen_2023-08-03_103903145.png\" alt=\"\" srcset=\"http:\/\/mesonelpuerto.es\/wp-content\/uploads\/2023\/08\/imagen_2023-08-03_103903145.png 165w, http:\/\/mesonelpuerto.es\/wp-content\/uploads\/2023\/08\/imagen_2023-08-03_103903145-150x150.png 150w\" sizes=\"auto, (max-width: 20px) 100vw, 20px\" \/><\/td><td class=\"has-text-align-left\" data-align=\"left\">Seg\u00fan mercado<\/td><\/tr><tr><td><\/td><td>Sardinas (en temporada)<br><img loading=\"lazy\" decoding=\"async\" width=\"20\" height=\"20\" class=\"wp-image-518\" style=\"width: 20px;\" src=\"http:\/\/mesonelpuerto.es\/wp-content\/uploads\/2023\/08\/imagen_2023-08-03_103903145.png\" alt=\"\" srcset=\"http:\/\/mesonelpuerto.es\/wp-content\/uploads\/2023\/08\/imagen_2023-08-03_103903145.png 165w, http:\/\/mesonelpuerto.es\/wp-content\/uploads\/2023\/08\/imagen_2023-08-03_103903145-150x150.png 150w\" sizes=\"auto, (max-width: 20px) 100vw, 20px\" \/><\/td><td class=\"has-text-align-left\" data-align=\"left\">Seg\u00fan mercado<\/td><\/tr><tr><td><\/td><td>Mejillones al vapor (en temporada)<br><img loading=\"lazy\" decoding=\"async\" width=\"20\" height=\"20\" class=\"wp-image-519\" style=\"width: 20px;\" src=\"http:\/\/mesonelpuerto.es\/wp-content\/uploads\/2023\/08\/imagen_2023-08-03_103954912.png\" alt=\"\" srcset=\"http:\/\/mesonelpuerto.es\/wp-content\/uploads\/2023\/08\/imagen_2023-08-03_103954912.png 166w, http:\/\/mesonelpuerto.es\/wp-content\/uploads\/2023\/08\/imagen_2023-08-03_103954912-150x150.png 150w\" sizes=\"auto, (max-width: 20px) 100vw, 20px\" \/><\/td><td class=\"has-text-align-left\" data-align=\"left\">Seg\u00fan mercado<\/td><\/tr><tr><td><\/td><td>Mejillones en vinagreta<br><img loading=\"lazy\" decoding=\"async\" width=\"20\" height=\"20\" class=\"wp-image-519\" style=\"width: 20px;\" src=\"http:\/\/mesonelpuerto.es\/wp-content\/uploads\/2023\/08\/imagen_2023-08-03_103954912.png\" alt=\"\" srcset=\"http:\/\/mesonelpuerto.es\/wp-content\/uploads\/2023\/08\/imagen_2023-08-03_103954912.png 166w, http:\/\/mesonelpuerto.es\/wp-content\/uploads\/2023\/08\/imagen_2023-08-03_103954912-150x150.png 150w\" sizes=\"auto, (max-width: 20px) 100vw, 20px\" \/><img loading=\"lazy\" decoding=\"async\" width=\"20\" height=\"20\" class=\"wp-image-502\" style=\"width: 20px;\" src=\"http:\/\/mesonelpuerto.es\/wp-content\/uploads\/2023\/08\/imagen_2023-08-02_095924418.png\" alt=\"\" srcset=\"http:\/\/mesonelpuerto.es\/wp-content\/uploads\/2023\/08\/imagen_2023-08-02_095924418.png 243w, http:\/\/mesonelpuerto.es\/wp-content\/uploads\/2023\/08\/imagen_2023-08-02_095924418-150x150.png 150w\" sizes=\"auto, (max-width: 20px) 100vw, 20px\" \/><\/td><td class=\"has-text-align-left\" data-align=\"left\">11,00\u20ac\/7,00\u20ac<\/td><\/tr><tr><td><\/td><td>Mejillones en escabeche<br><img loading=\"lazy\" decoding=\"async\" width=\"20\" height=\"20\" class=\"wp-image-519\" style=\"width: 20px;\" src=\"http:\/\/mesonelpuerto.es\/wp-content\/uploads\/2023\/08\/imagen_2023-08-03_103954912.png\" alt=\"\" srcset=\"http:\/\/mesonelpuerto.es\/wp-content\/uploads\/2023\/08\/imagen_2023-08-03_103954912.png 166w, http:\/\/mesonelpuerto.es\/wp-content\/uploads\/2023\/08\/imagen_2023-08-03_103954912-150x150.png 150w\" sizes=\"auto, (max-width: 20px) 100vw, 20px\" \/><img loading=\"lazy\" decoding=\"async\" width=\"20\" height=\"20\" class=\"wp-image-502\" style=\"width: 20px;\" src=\"http:\/\/mesonelpuerto.es\/wp-content\/uploads\/2023\/08\/imagen_2023-08-02_095924418.png\" alt=\"\" srcset=\"http:\/\/mesonelpuerto.es\/wp-content\/uploads\/2023\/08\/imagen_2023-08-02_095924418.png 243w, http:\/\/mesonelpuerto.es\/wp-content\/uploads\/2023\/08\/imagen_2023-08-02_095924418-150x150.png 150w\" sizes=\"auto, (max-width: 20px) 100vw, 20px\" \/><\/td><td class=\"has-text-align-left\" data-align=\"left\">11,00\u20ac\/7,00\u20ac<\/td><\/tr><tr><td><\/td><td>Pulpo \u00e1 feira<br><img loading=\"lazy\" decoding=\"async\" width=\"20\" height=\"20\" class=\"wp-image-519\" style=\"width: 20px;\" src=\"http:\/\/mesonelpuerto.es\/wp-content\/uploads\/2023\/08\/imagen_2023-08-03_103954912.png\" alt=\"\" srcset=\"http:\/\/mesonelpuerto.es\/wp-content\/uploads\/2023\/08\/imagen_2023-08-03_103954912.png 166w, http:\/\/mesonelpuerto.es\/wp-content\/uploads\/2023\/08\/imagen_2023-08-03_103954912-150x150.png 150w\" sizes=\"auto, (max-width: 20px) 100vw, 20px\" \/><\/td><td class=\"has-text-align-left\" data-align=\"left\">18,00\u20ac\/10,00\u20ac<\/td><\/tr><tr><td><\/td><td>Pulpo con patatas<br><img loading=\"lazy\" decoding=\"async\" width=\"20\" height=\"20\" class=\"wp-image-519\" style=\"width: 20px;\" src=\"http:\/\/mesonelpuerto.es\/wp-content\/uploads\/2023\/08\/imagen_2023-08-03_103954912.png\" alt=\"\" srcset=\"http:\/\/mesonelpuerto.es\/wp-content\/uploads\/2023\/08\/imagen_2023-08-03_103954912.png 166w, http:\/\/mesonelpuerto.es\/wp-content\/uploads\/2023\/08\/imagen_2023-08-03_103954912-150x150.png 150w\" sizes=\"auto, (max-width: 20px) 100vw, 20px\" \/><\/td><td class=\"has-text-align-left\" data-align=\"left\">19,00\u20ac\/11,00\u20ac<\/td><\/tr><tr><td><\/td><td>Pulpo a la brasa<br><img loading=\"lazy\" decoding=\"async\" width=\"20\" height=\"20\" class=\"wp-image-519\" style=\"width: 20px;\" src=\"http:\/\/mesonelpuerto.es\/wp-content\/uploads\/2023\/08\/imagen_2023-08-03_103954912.png\" alt=\"\" srcset=\"http:\/\/mesonelpuerto.es\/wp-content\/uploads\/2023\/08\/imagen_2023-08-03_103954912.png 166w, http:\/\/mesonelpuerto.es\/wp-content\/uploads\/2023\/08\/imagen_2023-08-03_103954912-150x150.png 150w\" sizes=\"auto, (max-width: 20px) 100vw, 20px\" \/><\/td><td class=\"has-text-align-left\" data-align=\"left\">19,00\u20ac<\/td><\/tr><tr><td><\/td><td>Gambones a la plancha<br><img loading=\"lazy\" decoding=\"async\" width=\"20\" height=\"20\" class=\"wp-image-520\" style=\"width: 20px;\" src=\"http:\/\/mesonelpuerto.es\/wp-content\/uploads\/2023\/08\/imagen_2023-08-03_104211056.png\" alt=\"\" srcset=\"http:\/\/mesonelpuerto.es\/wp-content\/uploads\/2023\/08\/imagen_2023-08-03_104211056.png 167w, http:\/\/mesonelpuerto.es\/wp-content\/uploads\/2023\/08\/imagen_2023-08-03_104211056-150x150.png 150w\" sizes=\"auto, (max-width: 20px) 100vw, 20px\" \/><\/td><td class=\"has-text-align-left\" data-align=\"left\">14,00\u20ac<\/td><\/tr><tr><td><\/td><td>Gambones al ajillo<br><img loading=\"lazy\" decoding=\"async\" width=\"20\" height=\"20\" class=\"wp-image-520\" style=\"width: 20px;\" src=\"http:\/\/mesonelpuerto.es\/wp-content\/uploads\/2023\/08\/imagen_2023-08-03_104211056.png\" alt=\"\" srcset=\"http:\/\/mesonelpuerto.es\/wp-content\/uploads\/2023\/08\/imagen_2023-08-03_104211056.png 167w, http:\/\/mesonelpuerto.es\/wp-content\/uploads\/2023\/08\/imagen_2023-08-03_104211056-150x150.png 150w\" sizes=\"auto, (max-width: 20px) 100vw, 20px\" \/><\/td><td class=\"has-text-align-left\" data-align=\"left\">13,00\u20ac<\/td><\/tr><tr><td><\/td><td>Almejas a la marinera<br><img loading=\"lazy\" decoding=\"async\" width=\"20\" height=\"20\" class=\"wp-image-519\" style=\"width: 20px;\" src=\"http:\/\/mesonelpuerto.es\/wp-content\/uploads\/2023\/08\/imagen_2023-08-03_103954912.png\" alt=\"\" srcset=\"http:\/\/mesonelpuerto.es\/wp-content\/uploads\/2023\/08\/imagen_2023-08-03_103954912.png 166w, http:\/\/mesonelpuerto.es\/wp-content\/uploads\/2023\/08\/imagen_2023-08-03_103954912-150x150.png 150w\" sizes=\"auto, (max-width: 20px) 100vw, 20px\" \/><img loading=\"lazy\" decoding=\"async\" width=\"20\" height=\"20\" class=\"wp-image-503\" style=\"width: 20px;\" src=\"http:\/\/mesonelpuerto.es\/wp-content\/uploads\/2023\/08\/imagen_2023-08-02_100029002.png\" alt=\"\" srcset=\"http:\/\/mesonelpuerto.es\/wp-content\/uploads\/2023\/08\/imagen_2023-08-02_100029002.png 181w, http:\/\/mesonelpuerto.es\/wp-content\/uploads\/2023\/08\/imagen_2023-08-02_100029002-150x150.png 150w\" sizes=\"auto, (max-width: 20px) 100vw, 20px\" \/><img loading=\"lazy\" decoding=\"async\" width=\"20\" height=\"20\" class=\"wp-image-502\" style=\"width: 20px;\" src=\"http:\/\/mesonelpuerto.es\/wp-content\/uploads\/2023\/08\/imagen_2023-08-02_095924418.png\" alt=\"\" srcset=\"http:\/\/mesonelpuerto.es\/wp-content\/uploads\/2023\/08\/imagen_2023-08-02_095924418.png 243w, http:\/\/mesonelpuerto.es\/wp-content\/uploads\/2023\/08\/imagen_2023-08-02_095924418-150x150.png 150w\" sizes=\"auto, (max-width: 20px) 100vw, 20px\" \/><\/td><td class=\"has-text-align-left\" data-align=\"left\">14,00\u20ac<\/td><\/tr><tr><td><\/td><td>Vieiras del Pac\u00edfico a la plancha(zamburi\u00f1as)<br><img loading=\"lazy\" decoding=\"async\" width=\"20\" height=\"20\" class=\"wp-image-519\" style=\"width: 20px;\" src=\"http:\/\/mesonelpuerto.es\/wp-content\/uploads\/2023\/08\/imagen_2023-08-03_103954912.png\" alt=\"\" srcset=\"http:\/\/mesonelpuerto.es\/wp-content\/uploads\/2023\/08\/imagen_2023-08-03_103954912.png 166w, http:\/\/mesonelpuerto.es\/wp-content\/uploads\/2023\/08\/imagen_2023-08-03_103954912-150x150.png 150w\" sizes=\"auto, (max-width: 20px) 100vw, 20px\" \/><\/td><td class=\"has-text-align-left\" data-align=\"left\">16,00\u20ac<\/td><\/tr><\/tbody><\/table><\/figure>\n","protected":false},"excerpt":{"rendered":"<p>Salpic\u00f3n 17,00\u20ac\/10,00\u20ac Bacalao 18,00\u20ac Parrochitas (en temporada) Seg\u00fan mercado Sardinas (en temporada) Seg\u00fan mercado Mejillones al vapor (en temporada) Seg\u00fan mercado Mejillones en vinagreta 11,00\u20ac\/7,00\u20ac Mejillones en escabeche 11,00\u20ac\/7,00\u20ac Pulpo \u00e1 feira 18,00\u20ac\/10,00\u20ac Pulpo con patatas 19,00\u20ac\/11,00\u20ac Pulpo a la brasa 19,00\u20ac Gambones a la plancha 14,00\u20ac Gambones al ajillo 13,00\u20ac Almejas a la marinera &hellip; <\/p>\n<p class=\"link-more\"><a href=\"http:\/\/mesonelpuerto.es\/index.php\/mariscos-y-pescados\/\" class=\"more-link\">Leer m\u00e1s<span class=\"screen-reader-text\"> \u00abMariscos y pescados\u00bb<\/span><\/a><\/p>\n","protected":false},"author":1,"featured_media":0,"parent":0,"menu_order":0,"comment_status":"closed","ping_status":"closed","template":"","meta":{"footnotes":""},"class_list":["post-299","page","type-page","status-publish","hentry"],"featured_media_urls":[],"_links":{"self":[{"href":"http:\/\/mesonelpuerto.es\/index.php\/wp-json\/wp\/v2\/pages\/299","targetHints":{"allow":["GET"]}}],"collection":[{"href":"http:\/\/mesonelpuerto.es\/index.php\/wp-json\/wp\/v2\/pages"}],"about":[{"href":"http:\/\/mesonelpuerto.es\/index.php\/wp-json\/wp\/v2\/types\/page"}],"author":[{"embeddable":true,"href":"http:\/\/mesonelpuerto.es\/index.php\/wp-json\/wp\/v2\/users\/1"}],"replies":[{"embeddable":true,"href":"http:\/\/mesonelpuerto.es\/index.php\/wp-json\/wp\/v2\/comments?post=299"}],"version-history":[{"count":15,"href":"http:\/\/mesonelpuerto.es\/index.php\/wp-json\/wp\/v2\/pages\/299\/revisions"}],"predecessor-version":[{"id":559,"href":"http:\/\/mesonelpuerto.es\/index.php\/wp-json\/wp\/v2\/pages\/299\/revisions\/559"}],"wp:attachment":[{"href":"http:\/\/mesonelpuerto.es\/index.php\/wp-json\/wp\/v2\/media?parent=299"}],"curies":[{"name":"wp","href":"https:\/\/api.w.org\/{rel}","templated":true}]}}